{"id":455,"date":"2025-09-12T09:25:25","date_gmt":"2025-09-12T09:25:25","guid":{"rendered":"https:\/\/elisabethalvarez.com\/?page_id=455"},"modified":"2025-11-03T07:35:27","modified_gmt":"2025-11-03T07:35:27","slug":"declaracio-daccessibilitat","status":"publish","type":"page","link":"https:\/\/elisabethalvarez.com\/ca\/declaracion-de-accesibilidad\/","title":{"rendered":"Declaraci\u00f3 d&#039;accessibilitat"},"content":{"rendered":"<div data-elementor-type=\"wp-page\" data-elementor-id=\"455\" class=\"elementor elementor-455\" data-elementor-post-type=\"page\">\n\t\t\t\t<div class=\"elementor-element elementor-element-a039301 e-flex e-con-boxed e-con e-parent\" data-id=\"a039301\" data-element_type=\"container\" data-e-type=\"container\">\n\t\t\t\t\t<div class=\"e-con-inner\">\n\t\t\t\t<div class=\"elementor-element elementor-element-9b1374c elementor-widget elementor-widget-heading\" data-id=\"9b1374c\" data-element_type=\"widget\" data-e-type=\"widget\" data-widget_type=\"heading.default\">\n\t\t\t\t\t<h1 class=\"elementor-heading-title elementor-size-default\">Declaraci\u00f3 d&#039;accessibilitat<\/h1>\t\t\t\t<\/div>\n\t\t\t\t<div class=\"elementor-element elementor-element-e1f4e7b elementor-widget elementor-widget-text-editor\" data-id=\"e1f4e7b\" data-element_type=\"widget\" data-e-type=\"widget\" data-widget_type=\"text-editor.default\">\n\t\t\t\t\t\t\t\t\t<div class=\"ql-block\" data-block-id=\"block-b57783d9-9d57-4ddd-9ff2-7021c34a8782\">Estem compromesos a fer accessible el nostre lloc web de conformitat amb el <a class=\"ql-link\" href=\"https:\/\/www.boe.es\/buscar\/act.php?id=BOE-A-2018-12699\" target=\"_blank\" rel=\"noopener noreferrer\">Reial Decret 1112\/2018, de 7 de setembre<\/a>, sobre accessibilitat dels llocs web i aplicacions per a dispositius m\u00f2bils del sector p\u00fablic (d&#039;ara endavant, Reial Decret 1112\/2018, de 7 de setembre).<\/div>\n<p><\/p>\n<div class=\"ql-block ql-align-justify\" data-block-id=\"block-0cd689a0-003e-4b62-9a88-d7cfb6b85adf\"><strong>Situaci\u00f3 de compliment<\/strong><\/div>\n<div class=\"ql-block ql-align-justify\" data-block-id=\"block-0de5e8a5-6953-45c7-803c-4ee678a0cb7f\">Aquest lloc web \u00e9s <strong>parcialment conforme<\/strong> amb el Reial decret 1112\/2018, de 7 de setembre, a causa de la manca de conformitat dels aspectes que s&#039;indiquen a continuaci\u00f3.<\/div>\n<div class=\"ql-block ql-align-justify\" data-block-id=\"block-38d613bb-f101-4013-8648-4750c11fbb92\">&nbsp;<\/div>\n<div class=\"ql-block ql-align-justify\" data-block-id=\"block-7f9028b3-931d-4476-988b-62d22e69a980\"><strong>Contingut no accessible<\/strong><\/div>\n<div class=\"ql-block ql-align-justify\" data-block-id=\"block-e733ce83-40ff-472f-84c8-1dee46a9ef6b\">El contingut que es recull a continuaci\u00f3 no \u00e9s accessible pel seg\u00fcent:<\/div>\n<ol>\n<li><strong>C\u00e0rrega desproporcionada<\/strong>: no aplica.<\/li>\n<\/ol>\n<div class=\"ql-block ql-align-justify\" data-block-id=\"block-375a5a21-5957-46e1-8e51-b10f9d96be9b\"><strong>Preparaci\u00f3 d&#039;aquesta declaraci\u00f3 d&#039;accessibilitat<\/strong><\/div>\n<div class=\"ql-block ql-align-justify\" data-block-id=\"block-f755fa38-fb36-46d9-b9c8-7a1ca4952edb\">La present declaraci\u00f3 va ser preparada el <span class=\"ql-badge ql-badge-orange\">12 de setembre del 2025.<\/span><\/div>\n<div class=\"ql-block ql-align-justify\" data-block-id=\"block-489e335b-f3c8-4564-b055-9c9926672dc2\">El m\u00e8tode emprat per preparar la declaraci\u00f3 ha estat una autoavaluaci\u00f3 duta a terme pel mateix organisme.<\/div>\n<div class=\"ql-block ql-align-justify\" data-block-id=\"block-fdeec66a-0a25-46e9-836e-e110b5db4f83\">&nbsp;<\/div>\n<div class=\"ql-block ql-align-justify\" data-block-id=\"block-3a18f813-ede3-473d-aadb-02ceb5a4c177\"><strong>Observacions i dades de contacte<\/strong><\/div>\n<div class=\"ql-block ql-align-justify\" data-block-id=\"block-2180f3cb-fef9-4d94-9041-d7089cf67d0b\">Podeu realitzar comunicacions sobre requisits d&#039;accessibilitat (article 10.2.a) del Reial Decret 1112\/2018, de 7 de setembre) com, per exemple:<\/div>\n<ul>\n<li>Informar sobre qualsevol possible incompliment per part daquest lloc web.<\/li>\n<li>Transmetre altres dificultats dacc\u00e9s al contingut.<\/li>\n<li>Formular qualsevol altra consulta o suggeriment de millora relativa a laccessibilitat del lloc web.<\/li>\n<\/ul>\n<div class=\"ql-block ql-align-justify\" data-block-id=\"block-db9f73f5-f528-4f54-8af2-ac57f0de8c14\">A trav\u00e9s de les vies seg\u00fcents:<\/div>\n<ul>\n<li>Correu electr\u00f2nic:&nbsp;<a href=\"mailto:hola@elisabethalvarez\">hola@elisabethalvarez<\/a><\/li>\n<li>Tel\u00e8fon: +34673049323<\/li>\n<\/ul>\n<div class=\"ql-block ql-align-justify\" data-block-id=\"block-bfcbbe87-0541-4248-b7ad-21f2e842909a\">Les comunicacions seran rebudes i tractades per l&#039;adre\u00e7a de l&#039;empresa com a unitat responsable dels continguts d&#039;aquest lloc web.<\/div>\n<div class=\"ql-block ql-align-justify\" data-block-id=\"block-99cd0508-11e7-48b8-b849-8384c2c3c4cd\">&nbsp;<\/div>\n<div class=\"ql-block ql-align-justify\" data-block-id=\"block-11b58760-124e-45a2-98c9-335ded3d4431\"><span class=\"ql-badge ql-badge-blue\"><strong>Contingut opcional<\/strong><\/span><\/div>\n<div class=\"ql-block ql-align-justify\" data-block-id=\"block-1ebf9691-b492-4c86-b3b5-96c496fa425c\">La versi\u00f3 actualment visible d&#039;aquest lloc web \u00e9s de&nbsp;<span class=\"ql-badge ql-badge-orange\">setembre de 2025<\/span> i en aquesta data es va fer la revisi\u00f3 del nivell daccessibilitat vigent en el moment.<\/div>\n<div class=\"ql-block ql-align-justify\" data-block-id=\"block-5cdd03d7-acf5-4847-a332-12fb854d4540\">&nbsp;<\/div>\n<div class=\"ql-block ql-align-justify\" data-block-id=\"block-9037ded5-5584-4f0d-90f4-bd336c858119\">A partir de la data esmentada es duen a terme revisions parcials di\u00e0ries del contingut web nou o modificat, tant de les plantilles com de les p\u00e0gines i documents finals publicats, a fi d&#039;assegurar el compliment dels requeriments d&#039;accessibilitat de la Norma UNE-EN 301549:2019, considerant les excepcions del Reial decret 1112\/7 de setembre.<\/div>\n<div class=\"ql-block ql-align-justify\" data-block-id=\"block-2b529044-63c9-475a-ae5c-b79dda3c44dc\">Entre altres, s&#039;adopten les mesures seg\u00fcents per facilitar l&#039;accessibilitat:<\/div>\n<ul>\n<li>Utilitzaci\u00f3 de text alternatiu a les imatges<\/li>\n<li>Els enlla\u00e7os ofereixen detalls de la funci\u00f3 o destinaci\u00f3 de l&#039;hiperenlla\u00e7<\/li>\n<li>\u00das dels est\u00e0ndards del W3C: XHTML 1.0, CSS 3.0, WAI AA.<\/li>\n<\/ul>\t\t\t\t\t\t\t\t<\/div>\n\t\t\t\t\t<\/div>\n\t\t\t\t<\/div>\n\t\t\t\t<\/div>","protected":false},"excerpt":{"rendered":"<p>Estamos comprometidos a hacer accesible nuestro sitio web de conformidad con el Real Decreto 1112\/2018, de 7 de septiembre, sobre accesibilidad de los sitios web y aplicaciones para dispositivos m\u00f3viles del sector p\u00fablico (en adelante, Real Decreto 1112\/2018, de 7 de septiembre). Situaci\u00f3n de cumplimiento Este sitio web es parcialmente conforme con el Real Decreto [&hellip;]<\/p>\n","protected":false},"author":1,"featured_media":0,"parent":0,"menu_order":0,"comment_status":"closed","ping_status":"closed","template":"","meta":{"footnotes":""},"class_list":["post-455","page","type-page","status-publish","hentry"],"_links":{"self":[{"href":"https:\/\/elisabethalvarez.com\/ca\/wp-json\/wp\/v2\/pages\/455","targetHints":{"allow":["GET"]}}],"collection":[{"href":"https:\/\/elisabethalvarez.com\/ca\/wp-json\/wp\/v2\/pages"}],"about":[{"href":"https:\/\/elisabethalvarez.com\/ca\/wp-json\/wp\/v2\/types\/page"}],"author":[{"embeddable":true,"href":"https:\/\/elisabethalvarez.com\/ca\/wp-json\/wp\/v2\/users\/1"}],"replies":[{"embeddable":true,"href":"https:\/\/elisabethalvarez.com\/ca\/wp-json\/wp\/v2\/comments?post=455"}],"version-history":[{"count":4,"href":"https:\/\/elisabethalvarez.com\/ca\/wp-json\/wp\/v2\/pages\/455\/revisions"}],"predecessor-version":[{"id":461,"href":"https:\/\/elisabethalvarez.com\/ca\/wp-json\/wp\/v2\/pages\/455\/revisions\/461"}],"wp:attachment":[{"href":"https:\/\/elisabethalvarez.com\/ca\/wp-json\/wp\/v2\/media?parent=455"}],"curies":[{"name":"wp","href":"https:\/\/api.w.org\/{rel}","templated":true}]}}