{"id":452,"date":"2025-09-12T09:24:25","date_gmt":"2025-09-12T09:24:25","guid":{"rendered":"https:\/\/elisabethalvarez.com\/?page_id=452"},"modified":"2025-11-03T07:47:23","modified_gmt":"2025-11-03T07:47:23","slug":"politica-de-cookies","status":"publish","type":"page","link":"https:\/\/elisabethalvarez.com\/ca\/politica-de-cookies\/","title":{"rendered":"Pol\u00edtica de cookies"},"content":{"rendered":"<div data-elementor-type=\"wp-page\" data-elementor-id=\"452\" class=\"elementor elementor-452\" data-elementor-post-type=\"page\">\n\t\t\t\t<div class=\"elementor-element elementor-element-80e6013 e-flex e-con-boxed e-con e-parent\" data-id=\"80e6013\" data-element_type=\"container\" data-e-type=\"container\">\n\t\t\t\t\t<div class=\"e-con-inner\">\n\t\t\t\t<div class=\"elementor-element elementor-element-7d54ca6 elementor-widget elementor-widget-heading\" data-id=\"7d54ca6\" data-element_type=\"widget\" data-e-type=\"widget\" data-widget_type=\"heading.default\">\n\t\t\t\t\t<h1 class=\"elementor-heading-title elementor-size-default\">Pol\u00edtica de cookies<\/h1>\t\t\t\t<\/div>\n\t\t\t\t<div class=\"elementor-element elementor-element-b7ff969 elementor-widget elementor-widget-text-editor\" data-id=\"b7ff969\" data-element_type=\"widget\" data-e-type=\"widget\" data-widget_type=\"text-editor.default\">\n\t\t\t\t\t\t\t\t\t<div class=\"ql-block\" data-block-id=\"block-94fd1efc-0195-45ce-b2a9-94dc332a3f89\"><strong>Qu\u00e8 s\u00f3n les galetes?<\/strong><\/div><div class=\"ql-block\" data-block-id=\"block-dc1f645b-9cb0-426e-a581-6f9f45781800\">Les cookies s\u00f3n petits arxius de dades que es reben al terminal des del lloc web visitat i es fan servir per registrar certes interaccions de la navegaci\u00f3 en un lloc web emmagatzemant dades que podran ser actualitzades i recuperades. Aquests fitxers s&#039;emmagatzemen a l&#039;ordinador de l&#039;usuari i contenen dades an\u00f2nimes que no s\u00f3n perjudicials per al vostre equip. S&#039;utilitzen per recordar les prefer\u00e8ncies de l&#039;usuari, com ara l&#039;idioma seleccionat, les dades d&#039;acc\u00e9s o la personalitzaci\u00f3 de la p\u00e0gina.<\/div><div class=\"ql-block\" data-block-id=\"block-d22b4280-9b7a-4958-93d7-ccd48ba0c2c4\">\u00a0<\/div><div class=\"ql-block\" data-block-id=\"block-ae9044f5-551c-4ac5-939f-584cc4c297f3\">Les galetes tamb\u00e9 poden ser utilitzades per registrar informaci\u00f3 an\u00f2nima sobre com utilitza el lloc el visitant. Per exemple, des de quina p\u00e0gina web heu accedit o si heu utilitzat un banner publicitari per arribar-hi.<\/div><div class=\"ql-block\" data-block-id=\"block-f3295911-9c21-408b-8d6a-66ca8f2d632f\">\u00a0<\/div><div class=\"ql-block\" data-block-id=\"block-b97b6de1-5002-416c-94c8-a8b1e6d89b27\"><strong>Per qu\u00e8 aquesta web utilitza cookies?<\/strong><\/div><div class=\"ql-block\" data-block-id=\"block-fca22b07-67a0-436a-9683-6a74dd13323e\">AQUESTA WEB utilitza cookies estrictament necess\u00e0ries i essencials perqu\u00e8 utilitzeu els nostres llocs web i pugueu moure lliurement, utilitzar \u00e0rees segures, configurar opcions personalitzades, etc. A m\u00e9s, utilitza cookies que recullen dades relatives a l&#039;an\u00e0lisi d&#039;\u00fas de la web. S&#039;utilitzen per ajudar a millorar el servei per l&#039;usuari, mesurant l&#039;\u00fas i el rendiment de la p\u00e0gina per optimitzar-la i personalitzar-la.<\/div><div class=\"ql-block\" data-block-id=\"block-8ab12abd-4333-4ef0-b549-a27b925f5ac6\">\u00a0<\/div><div class=\"ql-block\" data-block-id=\"block-c92572d2-a5e8-4f63-9d34-24ef08594a56\">Els nostres llocs tamb\u00e9 poden tenir enlla\u00e7os de xarxes socials (com Facebook o Twitter). AQUEST WEB no controla les cookies utilitzades per aquestes webs externes. Per a m\u00e9s informaci\u00f3 sobre les galetes de les xarxes socials o altres webs alienes, aconsellem que reviseu les vostres pr\u00f2pies pol\u00edtiques de galetes.<\/div><div class=\"ql-block\" data-block-id=\"block-4568f88d-16b5-4119-8339-83bb5d4ca0f0\">\u00a0<\/div><div class=\"ql-block\" data-block-id=\"block-b712ecf9-a78f-4a78-9d4d-ffff64a35543\"><strong>Quin \u00fas donem als diferents tipus de galetes?<\/strong><\/div><div class=\"ql-block\" data-block-id=\"block-06850c4c-dc05-4c6c-9ba9-b53d42b53581\"><strong>Segons la finalitat:<\/strong><\/div><div class=\"ql-block\" data-block-id=\"block-11b3646d-303c-4062-bf1e-b9612de29feb\"><u>Galetes t\u00e8cniques<\/u><\/div><div class=\"ql-block\" data-block-id=\"block-9b6b5db3-fa64-4d07-87b2-98565773c9aa\">Les cookies s\u00f3n t\u00e8cniques imprescindibles i estrictament necess\u00e0ries per al funcionament correcte d&#039;un portal web i la utilitzaci\u00f3 de les diferents opcions i serveis que ofereix.<\/div><p>\u00a0<\/p><div class=\"ql-block\" data-block-id=\"block-d8583aad-d31e-473f-bc9a-2c999afdb996\">Per exemple, les que serveixen per al manteniment de la sessi\u00f3, gesti\u00f3 del temps de resposta, rendiment o validaci\u00f3 d&#039;opcions, \u00fas d&#039;elements de seguretat, compartici\u00f3 de contingut amb xarxes socials, etc.<\/div><div class=\"ql-block\" data-block-id=\"block-f28d1ff7-8010-4271-af85-c78aa2f95cc8\">\u00a0<\/div><div class=\"ql-block\" data-block-id=\"block-b6786dde-16fb-4f8e-b17e-2db0b55b49f8\"><u>Cookies de personalitzaci\u00f3<\/u><\/div><div class=\"ql-block\" data-block-id=\"block-f91a0140-8dc7-4cfb-b931-2d12bb574f54\">Aquestes galetes permeten a l&#039;usuari especificar o personalitzar algunes caracter\u00edstiques de les opcions generals de la p\u00e0gina web. Per exemple, definiu l&#039;idioma, la configuraci\u00f3 regional o el tipus de navegador.<\/div><div class=\"ql-block\" data-block-id=\"block-5dca897a-b1f2-406d-a3be-ce1118070abf\">\u00a0<\/div><div class=\"ql-block\" data-block-id=\"block-22b5a61f-da6a-4cdd-a8d0-6f5f1017535d\"><u>Galetes anal\u00edtiques<\/u><\/div><div class=\"ql-block\" data-block-id=\"block-4d394105-eed3-4717-bac1-b8b7c9b0a4a0\">Les galetes anal\u00edtiques s\u00f3n les utilitzades pels nostres portals web per elaborar perfils de navegaci\u00f3 i poder con\u00e8ixer les prefer\u00e8ncies dels usuaris per tal de millorar l&#039;oferta de productes i serveis.<\/div><div class=\"ql-block\" data-block-id=\"block-c66348c6-ebf0-4623-afcc-d2d4477efc94\">\u00a0<\/div><div class=\"ql-block\" data-block-id=\"block-08606469-df48-46a8-ac87-8fa0ef95198c\">Per exemple, mitjan\u00e7ant una &#039;cookie&#039; anal\u00edtica es controlarien les \u00e0rees geogr\u00e0fiques de m\u00e9s inter\u00e8s d&#039;un usuari, quin \u00e9s el producte de m\u00e9s acceptaci\u00f3, etc.<\/div><div class=\"ql-block\" data-block-id=\"block-a50587a5-c24c-4583-88b5-df52d90abf8e\">\u00a0<\/div><div class=\"ql-block\" data-block-id=\"block-a6594953-829c-4304-ab46-ed18de1e4a6c\"><u>Cookies publicit\u00e0ries \/ de publicitat<\/u><\/div><div class=\"ql-block\" data-block-id=\"block-b95edd35-85b3-4e6c-8f18-a7d860c64bd7\">Les galetes publicit\u00e0ries permeten la gesti\u00f3 dels espais publicitaris d&#039;acord amb criteris concrets. Per exemple, la freq\u00fc\u00e8ncia dacc\u00e9s, contingut editat, etc.<\/div><div class=\"ql-block\" data-block-id=\"block-7dcb445b-e2ed-43d6-b79b-57de484c788c\">\u00a0<\/div><div class=\"ql-block\" data-block-id=\"block-eecdab87-8a7d-4662-a323-63e59f72e2c3\">Les galetes publicit\u00e0ries permeten, a trav\u00e9s de la gesti\u00f3 de la publicitat, emmagatzemar informaci\u00f3 del comportament a trav\u00e9s de l&#039;observaci\u00f3 d&#039;h\u00e0bits, estudiant els accessos i formant un perfil de prefer\u00e8ncies de l&#039;usuari, per oferir publicitat relacionada amb els interessos del seu perfil.<\/div><div class=\"ql-block\" data-block-id=\"block-ccfefa8b-31a6-4113-b86b-4a0e24349de0\">\u00a0<\/div><div class=\"ql-block\" data-block-id=\"block-c3216b3d-43bc-4b95-bf97-9a7a4710a527\"><strong>Segons termini:<\/strong><\/div><div class=\"ql-block\" data-block-id=\"block-62e0af4e-ce45-4db4-a1c5-42de71b66992\"><u>Galetes de sessi\u00f3<\/u><\/div><div class=\"ql-block\" data-block-id=\"block-6c2bffb9-b6ca-425c-b3bc-db7af75b372b\">Les galetes de sessi\u00f3 s\u00f3n aquelles que duren el temps que l&#039;usuari est\u00e0 navegant per la p\u00e0gina web i s&#039;esborren quan acaba de fer-ho.<\/div><div class=\"ql-block\" data-block-id=\"block-839b12d6-677b-4df9-af60-d35f201a5ebf\">\u00a0<\/div><div class=\"ql-block\" data-block-id=\"block-7b7c76e7-69e1-465c-9d0f-6687da2db93d\"><u>Galetes persistents<\/u><\/div><div class=\"ql-block\" data-block-id=\"block-9105c91d-a715-4e00-8267-f89965b2e28a\">Aquestes cookies queden emmagatzemades al terminal de l&#039;usuari durant un temps m\u00e9s llarg, facilitant aix\u00ed el control de les prefer\u00e8ncies triades sense haver de repetir certs par\u00e0metres cada cop que es visiti el lloc web.<\/div><div class=\"ql-block\" data-block-id=\"block-110ab6e9-f8a1-4c5b-a84d-f8200150266f\">\u00a0<\/div><div class=\"ql-block\" data-block-id=\"block-c8462eae-ca24-499a-b581-d15de896cfb4\"><strong>I si no vull tenir aquestes galetes o no faig res?<\/strong><\/div><div class=\"ql-block\" data-block-id=\"block-9831ebc9-deaa-4ea6-8ff2-d43fa1610ebb\">Per complir amb la legislaci\u00f3 vigent, hem de demanar perm\u00eds per gestionar cookies. Si decidiu no autoritzar el tractament indicant-nos que no hi esteu d&#039;acord, nom\u00e9s utilitzar\u00edem les cookies t\u00e8cniques, ja que s\u00f3n imprescindibles per navegar per la nostra web. En aquest cas, no emmagatzemar\u00edem cap galeta. Si continua navegant pel nostre lloc web sense denegar la seva autoritzaci\u00f3, aix\u00f2 implica que n&#039;accepta l&#039;\u00fas.<\/div><div class=\"ql-block\" data-block-id=\"block-a16a674e-f04e-4b03-9342-91a60de8f849\">\u00a0<\/div><div class=\"ql-block\" data-block-id=\"block-144f98ce-3d81-4a8c-9f1b-baa93cc4ff6c\">Tingueu en compte que si rebutgeu o esborreu les cookies de navegaci\u00f3 per la web, no podrem mantenir les vostres prefer\u00e8ncies, algunes caracter\u00edstiques de les p\u00e0gines no estaran operatives, no podrem oferir-vos serveis personalitzats i cada vegada que navegueu pel nostre web us haurem de sol\u00b7licitar de nou la vostra autoritzaci\u00f3 per a l&#039;\u00fas de cookies.<\/div><div class=\"ql-block\" data-block-id=\"block-e83a1056-8a58-4610-be77-54e03171730f\">\u00a0<\/div><div class=\"ql-block\" data-block-id=\"block-e0228e1f-d2d2-4d5a-be42-01757c31dd7f\">Si, tanmateix, decidiu modificar la configuraci\u00f3 del vostre acc\u00e9s a la p\u00e0gina web, heu de saber que \u00e9s possible eliminar les cookies o impedir que es registri aquesta informaci\u00f3 al vostre equip en qualsevol moment mitjan\u00e7ant la modificaci\u00f3 dels par\u00e0metres de configuraci\u00f3 del vostre navegador:<\/div><div class=\"ql-block\" data-block-id=\"block-4ffd7ea1-c870-4564-abce-856b0bf469be\">\u00a0<\/div><ul><li><a class=\"ql-link\" href=\"https:\/\/windows.microsoft.com\/es-es\/windows-vista\/block-or-allow-cookies\" target=\"_blank\" rel=\"noopener noreferrer\">Configuraci\u00f3 de <\/a><em><a class=\"ql-link\" href=\"https:\/\/windows.microsoft.com\/es-es\/windows-vista\/block-or-allow-cookies\" target=\"_blank\" rel=\"noopener noreferrer\">cookies<\/a><\/em><a class=\"ql-link\" href=\"https:\/\/windows.microsoft.com\/es-es\/windows-vista\/block-or-allow-cookies\" target=\"_blank\" rel=\"noopener noreferrer\"> d&#039;Internet Explorer<\/a><\/li><li><a class=\"ql-link\" href=\"https:\/\/support.mozilla.org\/ca\/kb\/enable-and-disable-cookies-website-preferences\" target=\"_blank\" rel=\"noopener noreferrer\">Configuraci\u00f3 de <\/a><em><a class=\"ql-link\" href=\"https:\/\/support.mozilla.org\/ca\/kb\/enable-and-disable-cookies-website-preferences\" target=\"_blank\" rel=\"noopener noreferrer\">cookies<\/a><\/em><a class=\"ql-link\" href=\"https:\/\/support.mozilla.org\/ca\/kb\/enable-and-disable-cookies-website-preferences\" target=\"_blank\" rel=\"noopener noreferrer\"> del Firefox<\/a><\/li><li><a class=\"ql-link\" href=\"https:\/\/support.google.com\/chrome\/answer\/95647?hl=ca\" target=\"_blank\" rel=\"noopener noreferrer\">Configuraci\u00f3 de <\/a><em><a class=\"ql-link\" href=\"https:\/\/support.google.com\/chrome\/answer\/95647?hl=ca\" target=\"_blank\" rel=\"noopener noreferrer\">cookies<\/a><\/em><a class=\"ql-link\" href=\"https:\/\/support.google.com\/chrome\/answer\/95647?hl=ca\" target=\"_blank\" rel=\"noopener noreferrer\"> de Google Chrome<\/a><\/li><li><a class=\"ql-link\" href=\"https:\/\/support.apple.com\/kb\/HT1677?viewlocale=es_ES&amp;locale=es_ES\" target=\"_blank\" rel=\"noopener noreferrer\">Configuraci\u00f3 de <\/a><em><a class=\"ql-link\" href=\"https:\/\/support.apple.com\/kb\/HT1677?viewlocale=es_ES&amp;locale=es_ES\" target=\"_blank\" rel=\"noopener noreferrer\">cookies<\/a><\/em><a class=\"ql-link\" href=\"https:\/\/support.apple.com\/kb\/HT1677?viewlocale=es_ES&amp;locale=es_ES\" target=\"_blank\" rel=\"noopener noreferrer\"> de Safari<\/a><\/li><\/ul><div class=\"ql-block\" data-block-id=\"block-36c23b1e-1910-4030-9743-19a7f45f8719\">\u00a0<\/div><div class=\"ql-block\" data-block-id=\"block-fc27462b-0d63-4fa6-9a54-86dfddb01ddf\">Aquests navegadors estan sotmesos a actualitzacions o modificacions, per la qual cosa no podem garantir que s&#039;ajustin completament a la versi\u00f3 del vostre navegador. Tamb\u00e9 podeu utilitzar un altre navegador no contemplat en aquests enlla\u00e7os com Konqueror, Arora, Flock, etc.<\/div><div class=\"ql-block\" data-block-id=\"block-2176c4b3-34ef-40aa-a6f0-e20cb9d9f491\">\u00a0<\/div><div class=\"ql-block\" data-block-id=\"block-de542160-0ad2-4623-91f8-8d75f3f29682\">Per evitar aquests desajustaments, podeu accedir directament des de les opcions del vostre navegador que es troba generalment al men\u00fa d&#039;Opcions, a la secci\u00f3 de \u201cPrivadesa\u201d. (Si us plau, consulteu l&#039;ajuda del vostre navegador per a m\u00e9s informaci\u00f3.)<\/div><div class=\"ql-block\" data-block-id=\"block-f1f10bd4-a5c2-4d65-93d4-c86bf4065d73\">\u00a0<\/div><div class=\"ql-block\" data-block-id=\"block-e507275f-6d33-4f6b-8cb7-0bbc38f940f2\"><strong>Les dades recollides a les cookies s&#039;utilitzen en webs que no s\u00f3n d&#039;AQUESTA WEB?<\/strong><\/div><div class=\"ql-block\" data-block-id=\"block-4dba1fb4-e7a0-4c83-835a-96eaad5c7a9d\">Alguna de les nostres cookies s&#039;utilitza per generar publicitat a xarxes de tercers o per realitzar anal\u00edtiques per a les que utilitzem eines externes a AQUESTA WEB. Les galetes utilitzades s\u00f3n per a \u00fas exclusiu del banc i el seu grup d&#039;empreses, que en cap cas les comercialitza.<\/div><div class=\"ql-block\" data-block-id=\"block-c4a7a07c-89a4-40d6-b7f2-ed5467663f47\">A aquesta WEB treballem amb prove\u00efdors de confian\u00e7a que ens ajuden en la gesti\u00f3 i personalitzaci\u00f3 de les nostres p\u00e0gines web.<\/div><div class=\"ql-block\" data-block-id=\"block-cb86bd64-d925-43ef-9ed6-340de1108f48\">\u00a0<\/div><div class=\"ql-block\" data-block-id=\"block-990c76f8-b61b-48f0-825c-f536e15e9a91\"><strong>Aleshores, qu\u00e8 significa la informaci\u00f3 anterior?<\/strong><\/div><div class=\"ql-block\" data-block-id=\"block-b763080e-8379-4efb-ab33-1a2540e91240\">Si accepteu les nostres galetes, ens permet la millora de les webs d&#039;AQUESTA WEB per oferir-vos un acc\u00e9s \u00f2ptim i donar-vos un servei m\u00e9s efica\u00e7 i personalitzat.<\/div><div class=\"ql-block\" data-block-id=\"block-571758ad-639a-4413-b675-47da59f6ffb0\">\u00a0<\/div><div class=\"ql-block\" data-block-id=\"block-794e56c5-1012-4cfb-aef0-43c5a1e67d22\">A m\u00e9s, podeu configurar el vostre navegador per establir que nom\u00e9s els llocs web de confian\u00e7a o les p\u00e0gines per les quals esteu navegant en aquell moment puguin gestionar cookies, el que us permet seleccionar les vostres prefer\u00e8ncies.<\/div><div class=\"ql-block\" data-block-id=\"block-094e4042-fa18-4bd4-88d5-b33c93f741a0\">\u00a0<\/div><div class=\"ql-block\" data-block-id=\"block-c8f188b5-0fee-47f5-b1e0-6d85a61ba3bc\">Amb aquesta pol\u00edtica, AQUESTA WEB demostra el comprom\u00eds adquirit amb la legislaci\u00f3 vigent sobre l&#039;\u00fas de cookies, donant-li informaci\u00f3 perqu\u00e8 vost\u00e8 pugui comprendre quin tipus de cookies utilitzarem i per qu\u00e8 ho fem. Amb aix\u00f2 pretenem proporcionar transpar\u00e8ncia en relaci\u00f3 amb les dades tractades durant la navegaci\u00f3 feta des del seu equip a la nostra web.<\/div><div class=\"ql-block\" data-block-id=\"block-05156f63-efe0-4cf4-8374-966cfe623fa2\">Aquesta pol\u00edtica es revisa peri\u00f2dicament per assegurar-ne la vig\u00e8ncia, per la qual cosa es pot modificar. Us recomanem que visiteu la p\u00e0gina amb regularitat, on us informarem de qualsevol actualitzaci\u00f3.<\/div><div class=\"ql-block\" data-block-id=\"block-d660d9c1-37f6-4fdd-9b05-bd942102fb3c\">\u00a0<\/div><div class=\"ql-block\" data-block-id=\"block-4a2ebb0c-d056-467d-a618-685641624491\"><strong>On puc obtenir m\u00e9s informaci\u00f3?<\/strong><\/div><div class=\"ql-block\" data-block-id=\"block-1be8f320-b690-44c1-897e-16530fddef8e\">Si necessiteu obtenir m\u00e9s informaci\u00f3 sobre la directiva de cookies, si us plau, consulteu el Butllet\u00ed Oficial de l&#039;Estat publicat el passat 31 de mar\u00e7 de 2012 (per a Espanya), en qu\u00e8 es transposen les directives en mat\u00e8ria de comunicacions electr\u00f2niques. Tamb\u00e9 es pot consultar la directiva a<a class=\"ql-link\" href=\"https:\/\/ico.org.uk\/\" target=\"_blank\" rel=\"noopener noreferrer\">Information Commissioner Office<\/a> (en angl\u00e8s).<\/div><div class=\"ql-block\" data-block-id=\"block-4f6eb7b7-ca85-430b-97e0-7ff6e08c9eb8\">\u00a0<\/div><div class=\"ql-block\" data-block-id=\"block-c762d0aa-6f4a-4e0b-8243-fb42505eef01\">Addicionalment, podeu accedir a uns v\u00eddeos did\u00e0ctics publicats per l&#039;Ag\u00e8ncia Espanyola de Protecci\u00f3 de Dades on s&#039;explica, pas a pas, com configurar les opcions de privadesa dels navegadors, les xarxes socials i els sistemes operatius m\u00f2bils m\u00e9s comuns, a<a class=\"ql-link\" href=\"https:\/\/www.youtube.com\/user\/desdelaAEPD\" target=\"_blank\" rel=\"noopener noreferrer\">V\u00eddeos AEPD<\/a>.<\/div>\t\t\t\t\t\t\t\t<\/div>\n\t\t\t\t\t<\/div>\n\t\t\t\t<\/div>\n\t\t\t\t<\/div>","protected":false},"excerpt":{"rendered":"<p>\u00bfQu\u00e9 son las cookies?Las cookies son peque\u00f1os archivos de datos que se reciben en el terminal desde el sitio web visitado y se usan para registrar ciertas interacciones de la navegaci\u00f3n en un sitio web almacenando datos que podr\u00e1n ser actualizados y recuperados. Estos archivos se almacenan en el ordenador del usuario y contienen datos [&hellip;]<\/p>\n","protected":false},"author":1,"featured_media":0,"parent":0,"menu_order":0,"comment_status":"closed","ping_status":"closed","template":"","meta":{"footnotes":""},"class_list":["post-452","page","type-page","status-publish","hentry"],"_links":{"self":[{"href":"https:\/\/elisabethalvarez.com\/ca\/wp-json\/wp\/v2\/pages\/452","targetHints":{"allow":["GET"]}}],"collection":[{"href":"https:\/\/elisabethalvarez.com\/ca\/wp-json\/wp\/v2\/pages"}],"about":[{"href":"https:\/\/elisabethalvarez.com\/ca\/wp-json\/wp\/v2\/types\/page"}],"author":[{"embeddable":true,"href":"https:\/\/elisabethalvarez.com\/ca\/wp-json\/wp\/v2\/users\/1"}],"replies":[{"embeddable":true,"href":"https:\/\/elisabethalvarez.com\/ca\/wp-json\/wp\/v2\/comments?post=452"}],"version-history":[{"count":4,"href":"https:\/\/elisabethalvarez.com\/ca\/wp-json\/wp\/v2\/pages\/452\/revisions"}],"predecessor-version":[{"id":457,"href":"https:\/\/elisabethalvarez.com\/ca\/wp-json\/wp\/v2\/pages\/452\/revisions\/457"}],"wp:attachment":[{"href":"https:\/\/elisabethalvarez.com\/ca\/wp-json\/wp\/v2\/media?parent=452"}],"curies":[{"name":"wp","href":"https:\/\/api.w.org\/{rel}","templated":true}]}}