{"id":265,"date":"2025-08-27T10:29:03","date_gmt":"2025-08-27T10:29:03","guid":{"rendered":"https:\/\/elisabethalvarez.com\/?page_id=265"},"modified":"2025-11-04T06:59:29","modified_gmt":"2025-11-04T06:59:29","slug":"el-teu-bloc-del-benestar","status":"publish","type":"page","link":"https:\/\/elisabethalvarez.com\/ca\/tu-blog-del-bienestar\/","title":{"rendered":"Blog"},"content":{"rendered":"<div data-elementor-type=\"wp-page\" data-elementor-id=\"265\" class=\"elementor elementor-265\" data-elementor-post-type=\"page\">\n\t\t\t\t<div class=\"elementor-element elementor-element-c6db152 e-flex e-con-boxed e-con e-parent\" data-id=\"c6db152\" data-element_type=\"container\" data-e-type=\"container\" data-settings=\"{&quot;background_background&quot;:&quot;gradient&quot;}\">\n\t\t\t\t\t<div class=\"e-con-inner\">\n\t\t\t\t<div class=\"elementor-element elementor-element-01d84b0 elementor-widget elementor-widget-breadcrumbs\" data-id=\"01d84b0\" data-element_type=\"widget\" data-e-type=\"widget\" data-widget_type=\"breadcrumbs.default\">\n\t\t\t\t<div class=\"elementor-widget-container\">\n\t\t\t\t\t<nav aria-label=\"breadcrumbs\" class=\"rank-math-breadcrumb\"><p><span class=\"last\">Inici<\/span><\/p><\/nav>\t\t\t\t<\/div>\n\t\t\t\t<\/div>\n\t\t\t\t<div class=\"elementor-element elementor-element-2e83e73 elementor-widget__width-initial elementor-widget elementor-widget-heading\" data-id=\"2e83e73\" data-element_type=\"widget\" data-e-type=\"widget\" data-widget_type=\"heading.default\">\n\t\t\t\t\t<h1 class=\"elementor-heading-title elementor-size-default\">El teu bloc del benestar<\/h1>\t\t\t\t<\/div>\n\t\t\t\t\t<\/div>\n\t\t\t\t<\/div>\n\t\t<div class=\"elementor-element elementor-element-4411f35 e-flex e-con-boxed e-con e-parent\" data-id=\"4411f35\" data-element_type=\"container\" data-e-type=\"container\">\n\t\t\t\t\t<div class=\"e-con-inner\">\n\t\t\t\t<div class=\"elementor-element elementor-element-7dc5b00 elementor-widget elementor-widget-elementskit-blog-posts\" data-id=\"7dc5b00\" data-element_type=\"widget\" data-e-type=\"widget\" data-widget_type=\"elementskit-blog-posts.default\">\n\t\t\t\t\t<div class=\"ekit-wid-con\" >        <div id=\"post-items--7dc5b00\" class=\"row post-items\">\n                    <div class=\"col-lg-4 col-md-6\">\n\n                                    <div class=\"elementskit-post-image-card\">\n                        <div class=\"elementskit-entry-header\">\n                                                            <a href=\"https:\/\/elisabethalvarez.com\/ca\/la-llave-de-tu-bienestar-esta-en-la-entrada-de-tu-casa\/\" class=\"elementskit-entry-thumb\">\n                                    <img decoding=\"async\" src=\"https:\/\/elisabethalvarez.com\/wp-content\/uploads\/2025\/08\/blog-bienestar-hogar-1024x1024.jpg\" alt=\"La clau del teu benestar \u00e9s a l&#039;entrada de casa teva\" title=\"\">\n                                <\/a><!-- .elementskit-entry-thumb END -->\n                                                            \n                            \n\t\t\t\t\t\t\t\t\t\t\t\t\t<\/div><!-- .elementskit-entry-header END -->\n\n\t\t\t\t\t\t<div class=\"elementskit-post-body\">\n\t\t\t\t\t\t\t\n\t\t\t\t\t\t\t\t\t\t\t\t\t\t\t\t\t\t\t\t\t\t\t\t\t\t\t\t<div class=\"post-meta-list\">\n\t\t\t\t\t\t\t\t\t\t\t\t\t\t\t\t\t\t\t\t\t\t\t\t\t\t\t\t\t\t\t\t\t\t\t\t\t\t\t\t<span class=\"post-cat\">\n\t\t\t\t\t\t\t\t\t\t\t\t\t\t\t\t\t\t\t\t<a href=\"https:\/\/elisabethalvarez.com\/ca\/category\/hogar\/\" rel=\"category tag\">Llar<\/a>\t\t\t\t\t\t\t\t\t<\/span>\n\t\t\t\t\t\t\t\t\t\t\t\t\t\t\t\t\t\t\t\t\t\t\t\t\t\t\t\t\t<\/div>\n\t\t\t\t\t\t\t\t\t\t\t\t\t\n\t\t\t\t\t\t\t\t\n\t\t\t\t\t\t\t\t\t\t\t\t\t\t\t\t\t\t\t\t\t<h2 class=\"entry-title\">\n\t\t\t\t\t<a href=\"https:\/\/elisabethalvarez.com\/ca\/la-llave-de-tu-bienestar-esta-en-la-entrada-de-tu-casa\/\">\n\t\t\t\t\t\tLa clau del teu benestar \u00e9s a l&#039;entrada de casa teva\t\t\t\t\t<\/a>\n\t\t\t\t<\/h2>\n\t\t\t\t\t\t\t\t\t\t\t\t\t\t\t\t\t\t\t\t\t\t\t\t\t\t\t\t\t\t\t\t                                                            <div class=\"btn-wraper\">\n                                    \n                                                                            <a class=\"elementskit-btn whitespace--normal\" id=\"\" href=\"https:\/\/elisabethalvarez.com\/ca\/la-llave-de-tu-bienestar-esta-en-la-entrada-de-tu-casa\/\">\n                                        \t                                            Llegir m\u00e9s                                        <\/a>\n                                                                    <\/div>\n                                                    <\/div><!-- .elementskit-post-body END -->\n                    <\/div>\n                \n            <\/div>\n                    <div class=\"col-lg-4 col-md-6\">\n\n                                    <div class=\"elementskit-post-image-card\">\n                        <div class=\"elementskit-entry-header\">\n                                                            <a href=\"https:\/\/elisabethalvarez.com\/ca\/las-mejores-camas-para-el-descanso-infantil-son-las-montessori\/\" class=\"elementskit-entry-thumb\">\n                                    <img decoding=\"async\" src=\"https:\/\/elisabethalvarez.com\/wp-content\/uploads\/2025\/08\/Cama-Montessori-Elisabeth-Alvarez-Bienestar-1024x576.jpeg\" alt=\"Els millors llits per al descans infantil s\u00f3n les Montessori?\" title=\"\">\n                                <\/a><!-- .elementskit-entry-thumb END -->\n                                                            \n                            \n\t\t\t\t\t\t\t\t\t\t\t\t\t<\/div><!-- .elementskit-entry-header END -->\n\n\t\t\t\t\t\t<div class=\"elementskit-post-body\">\n\t\t\t\t\t\t\t\n\t\t\t\t\t\t\t\t\t\t\t\t\t\t\t\t\t\t\t\t\t\t\t\t\t\t\t\t<div class=\"post-meta-list\">\n\t\t\t\t\t\t\t\t\t\t\t\t\t\t\t\t\t\t\t\t\t\t\t\t\t\t\t\t\t\t\t\t\t\t\t\t\t\t\t\t<span class=\"post-cat\">\n\t\t\t\t\t\t\t\t\t\t\t\t\t\t\t\t\t\t\t\t<a href=\"https:\/\/elisabethalvarez.com\/ca\/category\/hogar\/\" rel=\"category tag\">Llar<\/a>\t\t\t\t\t\t\t\t\t<\/span>\n\t\t\t\t\t\t\t\t\t\t\t\t\t\t\t\t\t\t\t\t\t\t\t\t\t\t\t\t\t<\/div>\n\t\t\t\t\t\t\t\t\t\t\t\t\t\n\t\t\t\t\t\t\t\t\n\t\t\t\t\t\t\t\t\t\t\t\t\t\t\t\t\t\t\t\t\t<h2 class=\"entry-title\">\n\t\t\t\t\t<a href=\"https:\/\/elisabethalvarez.com\/ca\/las-mejores-camas-para-el-descanso-infantil-son-las-montessori\/\">\n\t\t\t\t\t\tEls millors llits per al descans infantil s\u00f3n les Montessori?\t\t\t\t\t<\/a>\n\t\t\t\t<\/h2>\n\t\t\t\t\t\t\t\t\t\t\t\t\t\t\t\t\t\t\t\t\t\t\t\t\t\t\t\t\t\t\t\t                                                            <div class=\"btn-wraper\">\n                                    \n                                                                            <a class=\"elementskit-btn whitespace--normal\" id=\"\" href=\"https:\/\/elisabethalvarez.com\/ca\/las-mejores-camas-para-el-descanso-infantil-son-las-montessori\/\">\n                                        \t                                            Llegir m\u00e9s                                        <\/a>\n                                                                    <\/div>\n                                                    <\/div><!-- .elementskit-post-body END -->\n                    <\/div>\n                \n            <\/div>\n                    <div class=\"col-lg-4 col-md-6\">\n\n                                    <div class=\"elementskit-post-image-card\">\n                        <div class=\"elementskit-entry-header\">\n                                                            <a href=\"https:\/\/elisabethalvarez.com\/ca\/se-te-resiste-el-teletrabajo-aprende-a-organizarte-y-ganar-productividad\/\" class=\"elementskit-entry-thumb\">\n                                    <img decoding=\"async\" src=\"https:\/\/elisabethalvarez.com\/wp-content\/uploads\/2025\/08\/blog-teletrabajo-1024x576.jpg\" alt=\"Se&#039;t resisteix el teletreball? Apr\u00e8n a organitzar-te i guanyar productivitat\" title=\"\">\n                                <\/a><!-- .elementskit-entry-thumb END -->\n                                                            \n                            \n\t\t\t\t\t\t\t\t\t\t\t\t\t<\/div><!-- .elementskit-entry-header END -->\n\n\t\t\t\t\t\t<div class=\"elementskit-post-body\">\n\t\t\t\t\t\t\t\n\t\t\t\t\t\t\t\t\t\t\t\t\t\t\t\t\t\t\t\t\t\t\t\t\t\t\t\t<div class=\"post-meta-list\">\n\t\t\t\t\t\t\t\t\t\t\t\t\t\t\t\t\t\t\t\t\t\t\t\t\t\t\t\t\t\t\t\t\t\t\t\t\t\t\t\t<span class=\"post-cat\">\n\t\t\t\t\t\t\t\t\t\t\t\t\t\t\t\t\t\t\t\t<a href=\"https:\/\/elisabethalvarez.com\/ca\/category\/laboral\/\" rel=\"category tag\">Laboral<\/a>\t\t\t\t\t\t\t\t\t<\/span>\n\t\t\t\t\t\t\t\t\t\t\t\t\t\t\t\t\t\t\t\t\t\t\t\t\t\t\t\t\t<\/div>\n\t\t\t\t\t\t\t\t\t\t\t\t\t\n\t\t\t\t\t\t\t\t\n\t\t\t\t\t\t\t\t\t\t\t\t\t\t\t\t\t\t\t\t\t<h2 class=\"entry-title\">\n\t\t\t\t\t<a href=\"https:\/\/elisabethalvarez.com\/ca\/se-te-resiste-el-teletrabajo-aprende-a-organizarte-y-ganar-productividad\/\">\n\t\t\t\t\t\tSe&#039;t resisteix el teletreball? Apr\u00e8n a organitzar-te i guanyar productivitat\t\t\t\t\t<\/a>\n\t\t\t\t<\/h2>\n\t\t\t\t\t\t\t\t\t\t\t\t\t\t\t\t\t\t\t\t\t\t\t\t\t\t\t\t\t\t\t\t                                                            <div class=\"btn-wraper\">\n                                    \n                                                                            <a class=\"elementskit-btn whitespace--normal\" id=\"\" href=\"https:\/\/elisabethalvarez.com\/ca\/se-te-resiste-el-teletrabajo-aprende-a-organizarte-y-ganar-productividad\/\">\n                                        \t                                            Llegir m\u00e9s                                        <\/a>\n                                                                    <\/div>\n                                                    <\/div><!-- .elementskit-post-body END -->\n                    <\/div>\n                \n            <\/div>\n                    <div class=\"col-lg-4 col-md-6\">\n\n                                    <div class=\"elementskit-post-image-card\">\n                        <div class=\"elementskit-entry-header\">\n                                                            <a href=\"https:\/\/elisabethalvarez.com\/ca\/como-elegir-el-sofa-perfecto-para-tu-salon-de-casa\/\" class=\"elementskit-entry-thumb\">\n                                    <img decoding=\"async\" src=\"https:\/\/elisabethalvarez.com\/wp-content\/uploads\/2025\/08\/sofa-elisabeth-alvarez-bienestar-1024x680.png\" alt=\"Com triar el sof\u00e0 perfecte per a la teva sala de casa\" title=\"\">\n                                <\/a><!-- .elementskit-entry-thumb END -->\n                                                            \n                            \n\t\t\t\t\t\t\t\t\t\t\t\t\t<\/div><!-- .elementskit-entry-header END -->\n\n\t\t\t\t\t\t<div class=\"elementskit-post-body\">\n\t\t\t\t\t\t\t\n\t\t\t\t\t\t\t\t\t\t\t\t\t\t\t\t\t\t\t\t\t\t\t\t\t\t\t\t<div class=\"post-meta-list\">\n\t\t\t\t\t\t\t\t\t\t\t\t\t\t\t\t\t\t\t\t\t\t\t\t\t\t\t\t\t\t\t\t\t\t\t\t\t\t\t\t<span class=\"post-cat\">\n\t\t\t\t\t\t\t\t\t\t\t\t\t\t\t\t\t\t\t\t<a href=\"https:\/\/elisabethalvarez.com\/ca\/category\/hogar\/\" rel=\"category tag\">Llar<\/a>\t\t\t\t\t\t\t\t\t<\/span>\n\t\t\t\t\t\t\t\t\t\t\t\t\t\t\t\t\t\t\t\t\t\t\t\t\t\t\t\t\t<\/div>\n\t\t\t\t\t\t\t\t\t\t\t\t\t\n\t\t\t\t\t\t\t\t\n\t\t\t\t\t\t\t\t\t\t\t\t\t\t\t\t\t\t\t\t\t<h2 class=\"entry-title\">\n\t\t\t\t\t<a href=\"https:\/\/elisabethalvarez.com\/ca\/como-elegir-el-sofa-perfecto-para-tu-salon-de-casa\/\">\n\t\t\t\t\t\tCom triar el sof\u00e0 perfecte per a la teva sala de casa\t\t\t\t\t<\/a>\n\t\t\t\t<\/h2>\n\t\t\t\t\t\t\t\t\t\t\t\t\t\t\t\t\t\t\t\t\t\t\t\t\t\t\t\t\t\t\t\t                                                            <div class=\"btn-wraper\">\n                                    \n                                                                            <a class=\"elementskit-btn whitespace--normal\" id=\"\" href=\"https:\/\/elisabethalvarez.com\/ca\/como-elegir-el-sofa-perfecto-para-tu-salon-de-casa\/\">\n                                        \t                                            Llegir m\u00e9s                                        <\/a>\n                                                                    <\/div>\n                                                    <\/div><!-- .elementskit-post-body END -->\n                    <\/div>\n                \n            <\/div>\n                <\/div>\n       <\/div>\t\t\t\t<\/div>\n\t\t\t\t\t<\/div>\n\t\t\t\t<\/div>\n\t\t\t\t<\/div>","protected":false},"excerpt":{"rendered":"<p>Inicio Tu blog del bienestar Hogar La llave de tu bienestar est\u00e1 en la entrada de tu casa Leer m\u00e1s Hogar \u00bfLas mejores camas para el descanso infantil son las Montessori? Leer m\u00e1s Laboral \u00bfSe te resiste el teletrabajo? Aprende a organizarte y ganar productividad Leer m\u00e1s Hogar C\u00f3mo elegir el sof\u00e1 perfecto para tu [&hellip;]<\/p>\n","protected":false},"author":1,"featured_media":0,"parent":0,"menu_order":0,"comment_status":"closed","ping_status":"closed","template":"","meta":{"footnotes":""},"class_list":["post-265","page","type-page","status-publish","hentry"],"_links":{"self":[{"href":"https:\/\/elisabethalvarez.com\/ca\/wp-json\/wp\/v2\/pages\/265","targetHints":{"allow":["GET"]}}],"collection":[{"href":"https:\/\/elisabethalvarez.com\/ca\/wp-json\/wp\/v2\/pages"}],"about":[{"href":"https:\/\/elisabethalvarez.com\/ca\/wp-json\/wp\/v2\/types\/page"}],"author":[{"embeddable":true,"href":"https:\/\/elisabethalvarez.com\/ca\/wp-json\/wp\/v2\/users\/1"}],"replies":[{"embeddable":true,"href":"https:\/\/elisabethalvarez.com\/ca\/wp-json\/wp\/v2\/comments?post=265"}],"version-history":[{"count":85,"href":"https:\/\/elisabethalvarez.com\/ca\/wp-json\/wp\/v2\/pages\/265\/revisions"}],"predecessor-version":[{"id":1307,"href":"https:\/\/elisabethalvarez.com\/ca\/wp-json\/wp\/v2\/pages\/265\/revisions\/1307"}],"wp:attachment":[{"href":"https:\/\/elisabethalvarez.com\/ca\/wp-json\/wp\/v2\/media?parent=265"}],"curies":[{"name":"wp","href":"https:\/\/api.w.org\/{rel}","templated":true}]}}