{"id":144,"date":"2025-08-27T06:06:02","date_gmt":"2025-08-27T06:06:02","guid":{"rendered":"https:\/\/elisabethalvarez.com\/?page_id=144"},"modified":"2025-11-04T07:38:17","modified_gmt":"2025-11-04T07:38:17","slug":"la-teva-decoradora-de-benestar","status":"publish","type":"page","link":"https:\/\/elisabethalvarez.com\/ca\/tu-decoradora-de-bienestar\/","title":{"rendered":"Sobre mi"},"content":{"rendered":"\t\t<div data-elementor-type=\"wp-page\" data-elementor-id=\"144\" class=\"elementor elementor-144\" data-elementor-post-type=\"page\">\n\t\t\t\t<div class=\"elementor-element elementor-element-2ab3f9e e-flex e-con-boxed e-con e-parent\" data-id=\"2ab3f9e\" data-element_type=\"container\" data-e-type=\"container\" data-settings=\"{&quot;background_background&quot;:&quot;gradient&quot;}\">\n\t\t\t\t\t<div class=\"e-con-inner\">\n\t\t\t\t<div class=\"elementor-element elementor-element-90fac74 elementor-widget elementor-widget-breadcrumbs\" data-id=\"90fac74\" data-element_type=\"widget\" data-e-type=\"widget\" data-widget_type=\"breadcrumbs.default\">\n\t\t\t\t<div class=\"elementor-widget-container\">\n\t\t\t\t\t<nav aria-label=\"breadcrumbs\" class=\"rank-math-breadcrumb\"><p><span class=\"last\">Inicio<\/span><\/p><\/nav>\t\t\t\t<\/div>\n\t\t\t\t<\/div>\n\t\t\t\t<div class=\"elementor-element elementor-element-0d2d4fa elementor-widget__width-initial elementor-widget elementor-widget-heading\" data-id=\"0d2d4fa\" data-element_type=\"widget\" data-e-type=\"widget\" data-widget_type=\"heading.default\">\n\t\t\t\t\t<h1 class=\"elementor-heading-title elementor-size-default\">Tu decoradora de bienestar<\/h1>\t\t\t\t<\/div>\n\t\t\t\t\t<\/div>\n\t\t\t\t<\/div>\n\t\t<div class=\"elementor-element elementor-element-0e06898 e-flex e-con-boxed e-con e-parent\" data-id=\"0e06898\" data-element_type=\"container\" data-e-type=\"container\">\n\t\t\t\t\t<div class=\"e-con-inner\">\n\t\t<div class=\"elementor-element elementor-element-f089a48 e-con-full e-flex e-con e-child\" data-id=\"f089a48\" data-element_type=\"container\" data-e-type=\"container\">\n\t\t\t\t<div class=\"elementor-element elementor-element-cb75466 animated-slow elementor-invisible elementor-widget elementor-widget-heading\" data-id=\"cb75466\" data-element_type=\"widget\" data-e-type=\"widget\" data-settings=\"{&quot;_animation&quot;:&quot;fadeInUp&quot;}\" data-widget_type=\"heading.default\">\n\t\t\t\t\t<h2 class=\"elementor-heading-title elementor-size-default\">De traje y reuniones a plantas, luz y prop\u00f3sito.<\/h2>\t\t\t\t<\/div>\n\t\t\t\t<div class=\"elementor-element elementor-element-74fc7a9 elementor-widget elementor-widget-text-editor\" data-id=\"74fc7a9\" data-element_type=\"widget\" data-e-type=\"widget\" data-widget_type=\"text-editor.default\">\n\t\t\t\t\t\t\t\t\t<p><span style=\"font-weight: 400;\">Durante a\u00f1os viv\u00ed lo que muchos llamar\u00edan \u201cuna vida perfecta\u201d.<br \/><\/span><span style=\"font-weight: 400;\">Un trabajo estable en banca, despu\u00e9s en el mundo del vino.<\/span><\/p><p><span style=\"font-weight: 400;\">Equipos, proyectos, reuniones.<br \/><\/span><span style=\"font-weight: 400;\">Con mi familia y mi hipoteca.<\/span><\/p><p><span style=\"font-weight: 400;\">Una vida aprobada con sobresaliente por los est\u00e1ndares sociales.<\/span><\/p><p><span style=\"font-weight: 400;\">Hasta que un d\u00eda, sentada en mi mesa de trabajo en el banco, me dio un ataque de ansiedad.<\/span><\/p><p><span style=\"font-weight: 400;\">Ese fue el primer <\/span><b>gran giro de guion<\/b><span style=\"font-weight: 400;\">.<\/span><\/p><p><span style=\"font-weight: 400;\">Pero hubieron m\u00e1s:<\/span><\/p><ul><li style=\"font-weight: 400;\" aria-level=\"1\"><span style=\"font-weight: 400;\">Una maternidad que me hizo replantearme lo que me hac\u00eda feliz y lo que quer\u00eda dejar atr\u00e1s.<\/span><\/li><li style=\"font-weight: 400;\" aria-level=\"1\"><span style=\"font-weight: 400;\">Un paso por el mundo del vino que me conect\u00f3 con lo artesanal, con la tierra, con lo aut\u00e9ntico.<\/span><\/li><li style=\"font-weight: 400;\" aria-level=\"1\"><span style=\"font-weight: 400;\">Y\u2026un 13 de marzo de 2020 que no olvidar\u00e9 nunca.<\/span><\/li><\/ul><p><span style=\"font-weight: 400;\">Lleg\u00f3 la pandemia y nuestro sal\u00f3n-comedor de 20m\u00b2 se convirti\u00f3 en nuestro universo entero.<\/span><\/p>\t\t\t\t\t\t\t\t<\/div>\n\t\t\t\t<\/div>\n\t\t<div class=\"elementor-element elementor-element-9042367 e-con-full e-flex e-con e-child\" data-id=\"9042367\" data-element_type=\"container\" data-e-type=\"container\" data-settings=\"{&quot;background_background&quot;:&quot;classic&quot;}\">\n\t\t\t\t<div class=\"elementor-element elementor-element-fbe271f elementor-hidden-tablet elementor-widget elementor-widget-image\" data-id=\"fbe271f\" data-element_type=\"widget\" data-e-type=\"widget\" data-widget_type=\"image.default\">\n\t\t\t\t\t\t\t\t\t\t\t\t\t\t\t<img fetchpriority=\"high\" decoding=\"async\" width=\"1575\" height=\"2362\" src=\"https:\/\/elisabethalvarez.com\/wp-content\/uploads\/2025\/10\/SOBRE-MI-De-trajes-reuniones.jpg\" class=\"attachment-full size-full wp-image-987\" alt=\"sobre Elisabeth \u00c1lvarez\" srcset=\"https:\/\/elisabethalvarez.com\/wp-content\/uploads\/2025\/10\/SOBRE-MI-De-trajes-reuniones.jpg 1575w, https:\/\/elisabethalvarez.com\/wp-content\/uploads\/2025\/10\/SOBRE-MI-De-trajes-reuniones-200x300.jpg 200w, https:\/\/elisabethalvarez.com\/wp-content\/uploads\/2025\/10\/SOBRE-MI-De-trajes-reuniones-683x1024.jpg 683w, https:\/\/elisabethalvarez.com\/wp-content\/uploads\/2025\/10\/SOBRE-MI-De-trajes-reuniones-768x1152.jpg 768w, https:\/\/elisabethalvarez.com\/wp-content\/uploads\/2025\/10\/SOBRE-MI-De-trajes-reuniones-1024x1536.jpg 1024w, https:\/\/elisabethalvarez.com\/wp-content\/uploads\/2025\/10\/SOBRE-MI-De-trajes-reuniones-1366x2048.jpg 1366w\" sizes=\"(max-width: 1575px) 100vw, 1575px\" title=\"\">\t\t\t\t\t\t\t\t\t\t\t\t\t\t\t<\/div>\n\t\t\t\t<div class=\"elementor-element elementor-element-b6dc9fb elementor-absolute elementor-widget elementor-widget-image\" data-id=\"b6dc9fb\" data-element_type=\"widget\" data-e-type=\"widget\" data-settings=\"{&quot;_position&quot;:&quot;absolute&quot;}\" data-widget_type=\"image.default\">\n\t\t\t\t\t\t\t\t\t\t\t\t\t\t\t<img decoding=\"async\" width=\"600\" height=\"242\" src=\"https:\/\/elisabethalvarez.com\/wp-content\/uploads\/2025\/08\/EA-Signatura-ff7171-600x242-1.png\" class=\"attachment-large size-large wp-image-131\" alt=\"\" srcset=\"https:\/\/elisabethalvarez.com\/wp-content\/uploads\/2025\/08\/EA-Signatura-ff7171-600x242-1.png 600w, https:\/\/elisabethalvarez.com\/wp-content\/uploads\/2025\/08\/EA-Signatura-ff7171-600x242-1-300x121.png 300w\" sizes=\"(max-width: 600px) 100vw, 600px\" title=\"\">\t\t\t\t\t\t\t\t\t\t\t\t\t\t\t<\/div>\n\t\t\t\t<\/div>\n\t\t\t\t\t<\/div>\n\t\t\t\t<\/div>\n\t\t<div class=\"elementor-element elementor-element-f031cb7 e-flex e-con-boxed e-con e-parent\" data-id=\"f031cb7\" data-element_type=\"container\" data-e-type=\"container\" data-settings=\"{&quot;background_background&quot;:&quot;classic&quot;}\">\n\t\t\t\t\t<div class=\"e-con-inner\">\n\t\t\t\t<div class=\"elementor-element elementor-element-f3eecde animated-slow elementor-invisible elementor-widget elementor-widget-heading\" data-id=\"f3eecde\" data-element_type=\"widget\" data-e-type=\"widget\" data-settings=\"{&quot;_animation&quot;:&quot;fadeInUp&quot;}\" data-widget_type=\"heading.default\">\n\t\t\t\t\t<h2 class=\"elementor-heading-title elementor-size-default\">Nuestro refugio. Nuestra piel.<\/h2>\t\t\t\t<\/div>\n\t\t\t\t<div class=\"elementor-element elementor-element-eccf150 elementor-widget elementor-widget-text-editor\" data-id=\"eccf150\" data-element_type=\"widget\" data-e-type=\"widget\" data-widget_type=\"text-editor.default\">\n\t\t\t\t\t\t\t\t\t<p><span style=\"font-weight: 400;\">En ese peque\u00f1o espacio, mi familia trabajamos, mi hijo brincaba por el sof\u00e1, hac\u00edamos yoga, reg\u00e1bamos las plantas\u2026y de fondo, s\u00f3lo p\u00e1jaros y silencio.<\/span><\/p><p><span style=\"font-weight: 400;\">En pleno encierro, <\/span><b>me hab\u00eda reenamorado de mi casa.<\/b><\/p><p><span style=\"font-weight: 400;\">Est\u00e1bamos tan bien, tan a gusto en ella, que quise entender por qu\u00e9.<\/span><\/p><p><span style=\"font-weight: 400;\">Y ah\u00ed redescubr\u00ed el Feng Shui.<\/span><\/p><p><span style=\"font-weight: 400;\">Comprend\u00ed que los espacios son como una segunda piel.<\/span><\/p><p><span style=\"font-weight: 400;\">Cuando les das lo que necesitan \u2014<\/span><b>luz, orden, color, intenci\u00f3n<\/b><span style=\"font-weight: 400;\">\u2014, te lo devuelven en calma, energ\u00eda y vitalidad.<\/span><\/p><p><span style=\"font-weight: 400;\">Desde ese momento, no he dejado de aprender, de formarme, de profundizar en esta forma de ver (y vivir) los lugares.<\/span><\/p><p><span style=\"font-weight: 400;\">Fue ah\u00ed cuando entend\u00ed que no solo quer\u00eda transformar espacios, sino hacerlo con mimo, con prop\u00f3sito,<\/span><b> como quien trabaja la arcilla con las manos.<\/b><\/p><p><span style=\"font-weight: 400;\">Desde entonces, me considero una artesana de los espacios: cada proyecto es \u00fanico, hecho a medida, <\/span><b>pensado para sostener la vida real que pasa entre esas paredes.<\/b><\/p>\t\t\t\t\t\t\t\t<\/div>\n\t\t\t\t\t<\/div>\n\t\t\t\t<\/div>\n\t\t<div class=\"elementor-element elementor-element-78941ea e-flex e-con-boxed e-con e-parent\" data-id=\"78941ea\" data-element_type=\"container\" data-e-type=\"container\">\n\t\t\t\t\t<div class=\"e-con-inner\">\n\t\t<div class=\"elementor-element elementor-element-7ac3bf8 e-con-full e-flex e-con e-child\" data-id=\"7ac3bf8\" data-element_type=\"container\" data-e-type=\"container\">\n\t\t\t\t<div class=\"elementor-element elementor-element-2d8a6a2 animated-slow elementor-invisible elementor-widget elementor-widget-heading\" data-id=\"2d8a6a2\" data-element_type=\"widget\" data-e-type=\"widget\" data-settings=\"{&quot;_animation&quot;:&quot;fadeInUp&quot;}\" data-widget_type=\"heading.default\">\n\t\t\t\t\t<h2 class=\"elementor-heading-title elementor-size-default\">La normas, la flores y la hierbas<\/h2>\t\t\t\t<\/div>\n\t\t\t\t<\/div>\n\t\t<div class=\"elementor-element elementor-element-2e67c7f e-con-full e-flex e-con e-child\" data-id=\"2e67c7f\" data-element_type=\"container\" data-e-type=\"container\">\n\t\t<div class=\"elementor-element elementor-element-a9e70c4 e-con-full e-flex e-con e-child\" data-id=\"a9e70c4\" data-element_type=\"container\" data-e-type=\"container\">\n\t\t\t\t<div class=\"elementor-element elementor-element-dc7c066 elementor-widget elementor-widget-text-editor\" data-id=\"dc7c066\" data-element_type=\"widget\" data-e-type=\"widget\" data-widget_type=\"text-editor.default\">\n\t\t\t\t\t\t\t\t\t<p><span style=\"font-weight: 400;\">As\u00ed es como me llama mi hijo.<br \/><\/span><span style=\"font-weight: 400;\">Y tiene toda la raz\u00f3n.<\/span><\/p><p><span style=\"font-weight: 400;\">Soy pr\u00e1ctica, meticulosa, anal\u00edtica. Me gusta que las cosas funcionen. <\/span><span style=\"font-weight: 400;\">Pero tambi\u00e9n soy esa ni\u00f1a que pintaba en las paredes del comedor de casa con bolis de colores.<\/span><\/p><p><span style=\"font-weight: 400;\">Me apasiona la belleza del mundo natural: las olas, los p\u00e9talos, la luz.<\/span><\/p><p><strong>\u00bfY sabes que tengo un cuarto apodo?<\/strong><\/p><p><span style=\"font-weight: 400;\">Mi madre, desde que tengo memoria, me llama \u201c<\/span><i><span style=\"font-weight: 400;\">brujilla<\/span><\/i><span style=\"font-weight: 400;\">\u201d. <\/span><span style=\"font-weight: 400;\">Dice que era un radar. <\/span><span style=\"font-weight: 400;\">Siempre alerta. Siempre observando. <\/span><span style=\"font-weight: 400;\">Detectando cosas que los dem\u00e1s no ve\u00edan. Colores, movimientos, gestos. <\/span><span style=\"font-weight: 400;\">Como si tuviera una antena especial para los detalles invisibles.<\/span><\/p><p><i><span style=\"font-weight: 400;\">Y ten\u00eda raz\u00f3n.<\/span><\/i><\/p><p><i><span style=\"font-weight: 400;\">Esa sensibilidad ahora es parte de mi trabajo. <\/span><\/i><i><span style=\"font-weight: 400;\">Hoy, todas las piezas encajan: mi mente anal\u00edtica, mi creatividad y esa intuici\u00f3n que nunca me ha fallado. <\/span><\/i><i><span style=\"font-weight: 400;\">Ahora, cuando entro en un espacio, veo m\u00e1s all\u00e1 del desorden o la decoraci\u00f3n.<\/span><\/i><\/p><p><strong><i>Veo el potencial, la vida que podr\u00eda florecer ah\u00ed. <\/i><\/strong><i>Porque no se trata solo de muebles, colores o luz.<\/i><\/p><p><strong><i>Se trata de ti. <\/i><\/strong><i><span style=\"font-weight: 400;\">De c\u00f3mo te sientes al entrar por la puerta. <\/span><\/i><i><span style=\"font-weight: 400;\">De c\u00f3mo descansas, trabajas, compartes o simplemente respiras en tu lugar.<\/span><\/i><\/p><p><i><span style=\"font-weight: 400;\">Por eso dise\u00f1o espacios que te abracen cuando llegas, que te eleven cuando trabajas y que te reflejen cuando vives en ellos.<\/span><\/i><\/p>\t\t\t\t\t\t\t\t<\/div>\n\t\t\t\t<div class=\"elementor-element elementor-element-b6d4706 animated-slow elementor-widget__width-inherit elementor-invisible elementor-widget elementor-widget-heading\" data-id=\"b6d4706\" data-element_type=\"widget\" data-e-type=\"widget\" data-settings=\"{&quot;_animation&quot;:&quot;fadeInUp&quot;}\" data-widget_type=\"heading.default\">\n\t\t\t\t\t<p class=\"elementor-heading-title elementor-size-default\">Tu espacio habla de ti. <br>Y yo estoy aqu\u00ed para ayudarte a escucharlo.<\/p>\t\t\t\t<\/div>\n\t\t\t\t<\/div>\n\t\t<div class=\"elementor-element elementor-element-a6bc2c5 e-con-full e-flex e-con e-child\" data-id=\"a6bc2c5\" data-element_type=\"container\" data-e-type=\"container\" data-settings=\"{&quot;background_background&quot;:&quot;classic&quot;}\">\n\t\t\t\t<\/div>\n\t\t\t\t<\/div>\n\t\t\t\t\t<\/div>\n\t\t\t\t<\/div>\n\t\t<div class=\"elementor-element elementor-element-637b59f3 e-con-full e-flex e-con e-parent\" data-id=\"637b59f3\" data-element_type=\"container\" data-e-type=\"container\" data-settings=\"{&quot;background_background&quot;:&quot;classic&quot;}\">\n\t\t<div class=\"elementor-element elementor-element-7bb709f6 e-con-full e-flex e-con e-child\" data-id=\"7bb709f6\" data-element_type=\"container\" data-e-type=\"container\">\n\t\t\t\t<div class=\"elementor-element elementor-element-4e818701 elementor-widget elementor-widget-heading\" data-id=\"4e818701\" data-element_type=\"widget\" data-e-type=\"widget\" data-widget_type=\"heading.default\">\n\t\t\t\t\t<h2 class=\"elementor-heading-title elementor-size-default\">Suscr\u00edbete a mi newsletter \u201cEl Arte de Habitar\u201d\n<\/h2>\t\t\t\t<\/div>\n\t\t\t\t<div class=\"elementor-element elementor-element-6e30397b elementor-widget elementor-widget-heading\" data-id=\"6e30397b\" data-element_type=\"widget\" data-e-type=\"widget\" data-widget_type=\"heading.default\">\n\t\t\t\t\t<p class=\"elementor-heading-title elementor-size-default\">Una dosis mensual de inspiraci\u00f3n terrenal para tu casa.\nEn cada carta, te llevas:\n<\/p>\t\t\t\t<\/div>\n\t\t\t\t<div class=\"elementor-element elementor-element-7344c23 elementor-icon-list--layout-traditional elementor-list-item-link-full_width elementor-widget elementor-widget-icon-list\" data-id=\"7344c23\" data-element_type=\"widget\" data-e-type=\"widget\" data-widget_type=\"icon-list.default\">\n\t\t\t\t\t\t\t<ul class=\"elementor-icon-list-items\">\n\t\t\t\t\t\t\t<li class=\"elementor-icon-list-item\">\n\t\t\t\t\t\t\t\t\t\t\t<span class=\"elementor-icon-list-icon\">\n\t\t\t\t\t\t\t<svg aria-hidden=\"true\" class=\"e-font-icon-svg e-fas-check\" viewBox=\"0 0 512 512\" xmlns=\"http:\/\/www.w3.org\/2000\/svg\"><path d=\"M173.898 439.404l-166.4-166.4c-9.997-9.997-9.997-26.206 0-36.204l36.203-36.204c9.997-9.998 26.207-9.998 36.204 0L192 312.69 432.095 72.596c9.997-9.997 26.207-9.997 36.204 0l36.203 36.204c9.997 9.997 9.997 26.206 0 36.204l-294.4 294.401c-9.998 9.997-26.207 9.997-36.204-.001z\"><\/path><\/svg>\t\t\t\t\t\t<\/span>\n\t\t\t\t\t\t\t\t\t\t<span class=\"elementor-icon-list-text\">Ideas pr\u00e1cticas para transformar tus espacios sin volverte loca<\/span>\n\t\t\t\t\t\t\t\t\t<\/li>\n\t\t\t\t\t\t\t\t<li class=\"elementor-icon-list-item\">\n\t\t\t\t\t\t\t\t\t\t\t<span class=\"elementor-icon-list-icon\">\n\t\t\t\t\t\t\t<svg aria-hidden=\"true\" class=\"e-font-icon-svg e-fas-check\" viewBox=\"0 0 512 512\" xmlns=\"http:\/\/www.w3.org\/2000\/svg\"><path d=\"M173.898 439.404l-166.4-166.4c-9.997-9.997-9.997-26.206 0-36.204l36.203-36.204c9.997-9.998 26.207-9.998 36.204 0L192 312.69 432.095 72.596c9.997-9.997 26.207-9.997 36.204 0l36.203 36.204c9.997 9.997 9.997 26.206 0 36.204l-294.4 294.401c-9.998 9.997-26.207 9.997-36.204-.001z\"><\/path><\/svg>\t\t\t\t\t\t<\/span>\n\t\t\t\t\t\t\t\t\t\t<span class=\"elementor-icon-list-text\">Claves de organizaci\u00f3n y Feng Shui con cero misticismo y mucha l\u00f3gica<\/span>\n\t\t\t\t\t\t\t\t\t<\/li>\n\t\t\t\t\t\t\t\t<li class=\"elementor-icon-list-item\">\n\t\t\t\t\t\t\t\t\t\t\t<span class=\"elementor-icon-list-icon\">\n\t\t\t\t\t\t\t<svg aria-hidden=\"true\" class=\"e-font-icon-svg e-fas-check\" viewBox=\"0 0 512 512\" xmlns=\"http:\/\/www.w3.org\/2000\/svg\"><path d=\"M173.898 439.404l-166.4-166.4c-9.997-9.997-9.997-26.206 0-36.204l36.203-36.204c9.997-9.998 26.207-9.998 36.204 0L192 312.69 432.095 72.596c9.997-9.997 26.207-9.997 36.204 0l36.203 36.204c9.997 9.997 9.997 26.206 0 36.204l-294.4 294.401c-9.998 9.997-26.207 9.997-36.204-.001z\"><\/path><\/svg>\t\t\t\t\t\t<\/span>\n\t\t\t\t\t\t\t\t\t\t<span class=\"elementor-icon-list-text\">Regalos que no comparto en ning\u00fan otro lado.<\/span>\n\t\t\t\t\t\t\t\t\t<\/li>\n\t\t\t\t\t\t<\/ul>\n\t\t\t\t\t\t<\/div>\n\t\t\t\t<\/div>\n\t\t<div class=\"elementor-element elementor-element-2fda51fc e-con-full e-flex e-con e-child\" data-id=\"2fda51fc\" data-element_type=\"container\" data-e-type=\"container\">\n\t\t\t\t<div class=\"elementor-element elementor-element-15ead63 elementor-button-align-stretch elementor-widget elementor-widget-form\" data-id=\"15ead63\" data-element_type=\"widget\" data-e-type=\"widget\" data-settings=\"{&quot;step_next_label&quot;:&quot;Next&quot;,&quot;step_previous_label&quot;:&quot;Previous&quot;,&quot;button_width&quot;:&quot;100&quot;,&quot;step_type&quot;:&quot;number_text&quot;,&quot;step_icon_shape&quot;:&quot;circle&quot;}\" data-widget_type=\"form.default\">\n\t\t\t\t\t\t\t<form class=\"elementor-form\" method=\"post\" name=\"New Form\" aria-label=\"New Form\">\n\t\t\t<input type=\"hidden\" name=\"post_id\" value=\"144\"\/>\n\t\t\t<input type=\"hidden\" name=\"form_id\" value=\"15ead63\"\/>\n\t\t\t<input type=\"hidden\" name=\"referer_title\" value=\"Tu decoradora de bienestar - elisabeth alvarez\" \/>\n\n\t\t\t\t\t\t\t<input type=\"hidden\" name=\"queried_id\" value=\"144\"\/>\n\t\t\t\n\t\t\t<div class=\"elementor-form-fields-wrapper elementor-labels-\">\n\t\t\t\t\t\t\t\t<div class=\"elementor-field-type-text elementor-field-group elementor-column elementor-field-group-name elementor-col-100\">\n\t\t\t\t\t\t\t\t\t\t\t\t<label for=\"form-field-name\" class=\"elementor-field-label elementor-screen-only\">\n\t\t\t\t\t\t\t\tNombre\t\t\t\t\t\t\t<\/label>\n\t\t\t\t\t\t\t\t\t\t\t\t\t\t<input size=\"1\" type=\"text\" name=\"form_fields[name]\" id=\"form-field-name\" class=\"elementor-field elementor-size-lg  elementor-field-textual\" placeholder=\"Nombre\">\n\t\t\t\t\t\t\t\t\t\t\t<\/div>\n\t\t\t\t\t\t\t\t<div class=\"elementor-field-type-email elementor-field-group elementor-column elementor-field-group-email elementor-col-100 elementor-field-required\">\n\t\t\t\t\t\t\t\t\t\t\t\t<label for=\"form-field-email\" class=\"elementor-field-label elementor-screen-only\">\n\t\t\t\t\t\t\t\tEmail\t\t\t\t\t\t\t<\/label>\n\t\t\t\t\t\t\t\t\t\t\t\t\t\t<input size=\"1\" type=\"email\" name=\"form_fields[email]\" id=\"form-field-email\" class=\"elementor-field elementor-size-lg  elementor-field-textual\" placeholder=\"Email\" required=\"required\">\n\t\t\t\t\t\t\t\t\t\t\t<\/div>\n\t\t\t\t\t\t\t\t<div class=\"elementor-field-group elementor-column elementor-field-type-submit elementor-col-100 e-form__buttons\">\n\t\t\t\t\t<button class=\"elementor-button elementor-size-lg elementor-animation-grow\" type=\"submit\">\n\t\t\t\t\t\t<span class=\"elementor-button-content-wrapper\">\n\t\t\t\t\t\t\t\t\t\t\t\t\t\t\t\t\t\t\t\t\t\t<span class=\"elementor-button-text\">Suscr\u00edbete a mi newsletter <\/span>\n\t\t\t\t\t\t\t\t\t\t\t\t\t<\/span>\n\t\t\t\t\t<\/button>\n\t\t\t\t<\/div>\n\t\t\t<\/div>\n\t\t<\/form>\n\t\t\t\t\t\t<\/div>\n\t\t\t\t<\/div>\n\t\t\t\t<\/div>\n\t\t\t\t<\/div>\n\t\t","protected":false},"excerpt":{"rendered":"<p>Inicio Tu decoradora de bienestar De traje y reuniones a plantas, luz y prop\u00f3sito. Durante a\u00f1os viv\u00ed lo que muchos llamar\u00edan \u201cuna vida perfecta\u201d.Un trabajo estable en banca, despu\u00e9s en el mundo del vino. Equipos, proyectos, reuniones.Con mi familia y mi hipoteca. Una vida aprobada con sobresaliente por los est\u00e1ndares sociales. Hasta que un d\u00eda, [&hellip;]<\/p>\n","protected":false},"author":1,"featured_media":0,"parent":0,"menu_order":0,"comment_status":"closed","ping_status":"closed","template":"","meta":{"footnotes":""},"class_list":["post-144","page","type-page","status-publish","hentry"],"_links":{"self":[{"href":"https:\/\/elisabethalvarez.com\/ca\/wp-json\/wp\/v2\/pages\/144","targetHints":{"allow":["GET"]}}],"collection":[{"href":"https:\/\/elisabethalvarez.com\/ca\/wp-json\/wp\/v2\/pages"}],"about":[{"href":"https:\/\/elisabethalvarez.com\/ca\/wp-json\/wp\/v2\/types\/page"}],"author":[{"embeddable":true,"href":"https:\/\/elisabethalvarez.com\/ca\/wp-json\/wp\/v2\/users\/1"}],"replies":[{"embeddable":true,"href":"https:\/\/elisabethalvarez.com\/ca\/wp-json\/wp\/v2\/comments?post=144"}],"version-history":[{"count":91,"href":"https:\/\/elisabethalvarez.com\/ca\/wp-json\/wp\/v2\/pages\/144\/revisions"}],"predecessor-version":[{"id":1356,"href":"https:\/\/elisabethalvarez.com\/ca\/wp-json\/wp\/v2\/pages\/144\/revisions\/1356"}],"wp:attachment":[{"href":"https:\/\/elisabethalvarez.com\/ca\/wp-json\/wp\/v2\/media?parent=144"}],"curies":[{"name":"wp","href":"https:\/\/api.w.org\/{rel}","templated":true}]}}